{"id":1616,"date":"2017-12-08T18:18:17","date_gmt":"2017-12-08T18:18:17","guid":{"rendered":"http:\/\/www.ldlanguages.com\/contacto\/"},"modified":"2018-01-04T08:04:08","modified_gmt":"2018-01-04T07:04:08","slug":"contact","status":"publish","type":"page","link":"http:\/\/www.ldlanguages.com\/en\/contact\/","title":{"rendered":"Contact"},"content":{"rendered":"<p>[vc_row][vc_column][vc_empty_space][\/vc_column][\/vc_row][vc_row][vc_column width=&#8221;1\/2&#8243;][vc_single_image image=&#8221;1600&#8243; img_size=&#8221;full&#8221;][\/vc_column][vc_column width=&#8221;1\/2&#8243;][vc_empty_space]\n<div class=\"wpcf7 no-js\" id=\"wpcf7-f1611-o1\" lang=\"es-ES\" dir=\"ltr\" data-wpcf7-id=\"1611\">\n<div class=\"screen-reader-response\"><p role=\"status\" aria-live=\"polite\" aria-atomic=\"true\"><\/p> <ul><\/ul><\/div>\n<form action=\"\/en\/wp-json\/wp\/v2\/pages\/1616#wpcf7-f1611-o1\" method=\"post\" class=\"wpcf7-form init\" aria-label=\"Contact form\" novalidate=\"novalidate\" data-status=\"init\">\n<fieldset class=\"hidden-fields-container\"><input type=\"hidden\" name=\"_wpcf7\" value=\"1611\" \/><input type=\"hidden\" name=\"_wpcf7_version\" value=\"6.1.5\" \/><input type=\"hidden\" name=\"_wpcf7_locale\" value=\"es_ES\" \/><input type=\"hidden\" name=\"_wpcf7_unit_tag\" value=\"wpcf7-f1611-o1\" \/><input type=\"hidden\" name=\"_wpcf7_container_post\" value=\"0\" \/><input type=\"hidden\" name=\"_wpcf7_posted_data_hash\" value=\"\" \/>\n<\/fieldset>\n<div class=\"row\">\n\t<div class=\"col-md-6 col-sm-6\">\n\t\t<p><span class=\"wpcf7-form-control-wrap\" data-name=\"your-name\"><input size=\"40\" maxlength=\"400\" class=\"wpcf7-form-control wpcf7-text wpcf7-validates-as-required form-control input-lg\" aria-required=\"true\" aria-invalid=\"false\" placeholder=\"Name*\" value=\"\" type=\"text\" name=\"your-name\" \/><\/span>\n\t\t<\/p>\n\t<\/div>\n\t<div class=\"col-md-6 col-sm-6\">\n\t\t<p><span class=\"wpcf7-form-control-wrap\" data-name=\"your-email\"><input size=\"40\" maxlength=\"400\" class=\"wpcf7-form-control wpcf7-text wpcf7-validates-as-required form-control input-lg\" aria-required=\"true\" aria-invalid=\"false\" placeholder=\"Email*\" value=\"\" type=\"text\" name=\"your-email\" \/><\/span>\n\t\t<\/p>\n\t<\/div>\n\t<div class=\"col-md-6 col-sm-12\">\n\t\t<p><span class=\"wpcf7-form-control-wrap\" data-name=\"tel-327\"><input size=\"40\" maxlength=\"400\" class=\"wpcf7-form-control wpcf7-tel wpcf7-text wpcf7-validates-as-tel form-control input-lg\" aria-invalid=\"false\" placeholder=\"Phone\" value=\"\" type=\"tel\" name=\"tel-327\" \/><\/span>\n\t\t<\/p>\n\t<\/div>\n<\/div>\n<div class=\"row\">\n\t<div class=\"col-md-12 col-sm-12\">\n\t\t<p>Type of service:<span class=\"wpcf7-form-control-wrap\" data-name=\"menu-737\"><select class=\"wpcf7-form-control wpcf7-select\" aria-invalid=\"false\" multiple=\"multiple\" name=\"menu-737[]\"><option value=\"Translation\">Translation<\/option><option value=\"Interpretation\">Interpretation<\/option><option value=\"Editing\">Editing<\/option><option value=\"Staff recruitment\">Staff recruitment<\/option><\/select><\/span>\n\t\t<\/p>\n\t<\/div>\n\t<div class=\"col-md-12 col-sm-12\">\n\t\t<p><span class=\"wpcf7-form-control-wrap\" data-name=\"textarea\"><textarea cols=\"40\" rows=\"10\" maxlength=\"2000\" class=\"wpcf7-form-control wpcf7-textarea form-control textarea\" aria-invalid=\"false\" placeholder=\"Message\" name=\"textarea\"><\/textarea><\/span><br \/>\n[recaptcha]\n\t\t<\/p>\n\t\t<p><input class=\"wpcf7-form-control wpcf7-submit has-spinner btn-primary btn-default\" type=\"submit\" value=\"Send\" \/>\n\t\t<\/p>\n\t<\/div>\n<\/div><div class=\"wpcf7-response-output\" aria-hidden=\"true\"><\/div>\n<\/form>\n<\/div>\n[vc_column_text]If you prefer you can call me or send me an email.<\/p>\n<p>Telf: <a href=\"tel:+34660807040\">660807040<\/a><\/p>\n<p>E-mail: <a href=\"mailto:liza.darcy.hernandez@gmail.com\">liza.darcy.hernandez@gmail.com<\/a><\/p>\n<p><a href=\"https:\/\/www.proz.com\/profile\/897326\" target=\"_blank\" rel=\"noopener\">Do you want to know more about me&#8230;<\/a>[\/vc_column_text][\/vc_column][\/vc_row]<\/p>\n","protected":false},"excerpt":{"rendered":"<p>[vc_row][vc_column][vc_empty_space][\/vc_column][\/vc_row][vc_row][vc_column width=&#8221;1\/2&#8243;][vc_single_image image=&#8221;1600&#8243; img_size=&#8221;full&#8221;][\/vc_column][vc_column width=&#8221;1\/2&#8243;][vc_empty_space][vc_column_text]If you prefer you can call me or send me an email. Telf: 660807040 E-mail: liza.darcy.hernandez@gmail.com Do you want to know more about me&#8230;[\/vc_column_text][\/vc_column][\/vc_row]<\/p>\n","protected":false},"author":1,"featured_media":0,"parent":0,"menu_order":0,"comment_status":"closed","ping_status":"closed","template":"","meta":{"_exactmetrics_skip_tracking":false,"_exactmetrics_sitenote_active":false,"_exactmetrics_sitenote_note":"","_exactmetrics_sitenote_category":0,"footnotes":""},"class_list":["post-1616","page","type-page","status-publish","hentry"],"yoast_head":"<!-- This site is optimized with the Yoast SEO plugin v27.5 - https:\/\/yoast.com\/product\/yoast-seo-wordpress\/ -->\n<title>Contact - LD&#039; Languages - Traducciones del espa\u00f1ol al ingl\u00e9s<\/title>\n<meta name=\"robots\" content=\"index, follow, max-snippet:-1, max-image-preview:large, max-video-preview:-1\" \/>\n<link rel=\"canonical\" href=\"http:\/\/www.ldlanguages.com\/en\/contact\/\" \/>\n<meta property=\"og:locale\" content=\"en_US\" \/>\n<meta property=\"og:type\" content=\"article\" \/>\n<meta property=\"og:title\" content=\"Contact - LD&#039; Languages - Traducciones del espa\u00f1ol al ingl\u00e9s\" \/>\n<meta property=\"og:description\" content=\"[vc_row][vc_column][vc_empty_space][\/vc_column][\/vc_row][vc_row][vc_column width=&#8221;1\/2&#8243;][vc_single_image image=&#8221;1600&#8243; img_size=&#8221;full&#8221;][\/vc_column][vc_column width=&#8221;1\/2&#8243;][vc_empty_space][vc_column_text]If you prefer you can call me or send me an email. Telf: 660807040 E-mail: liza.darcy.hernandez@gmail.com Do you want to know more about me&#8230;[\/vc_column_text][\/vc_column][\/vc_row]\" \/>\n<meta property=\"og:url\" content=\"http:\/\/www.ldlanguages.com\/en\/contact\/\" \/>\n<meta property=\"og:site_name\" content=\"LD&#039; Languages - Traducciones del espa\u00f1ol al ingl\u00e9s\" \/>\n<meta property=\"article:modified_time\" content=\"2018-01-04T07:04:08+00:00\" \/>\n<meta name=\"twitter:card\" content=\"summary_large_image\" \/>\n<script type=\"application\/ld+json\" class=\"yoast-schema-graph\">{\"@context\":\"https:\\\/\\\/schema.org\",\"@graph\":[{\"@type\":\"WebPage\",\"@id\":\"http:\\\/\\\/www.ldlanguages.com\\\/en\\\/contact\\\/\",\"url\":\"http:\\\/\\\/www.ldlanguages.com\\\/en\\\/contact\\\/\",\"name\":\"Contact - LD&#039; Languages - Traducciones del espa\u00f1ol al ingl\u00e9s\",\"isPartOf\":{\"@id\":\"http:\\\/\\\/www.ldlanguages.com\\\/#website\"},\"datePublished\":\"2017-12-08T18:18:17+00:00\",\"dateModified\":\"2018-01-04T07:04:08+00:00\",\"breadcrumb\":{\"@id\":\"http:\\\/\\\/www.ldlanguages.com\\\/en\\\/contact\\\/#breadcrumb\"},\"inLanguage\":\"en-US\",\"potentialAction\":[{\"@type\":\"ReadAction\",\"target\":[\"http:\\\/\\\/www.ldlanguages.com\\\/en\\\/contact\\\/\"]}]},{\"@type\":\"BreadcrumbList\",\"@id\":\"http:\\\/\\\/www.ldlanguages.com\\\/en\\\/contact\\\/#breadcrumb\",\"itemListElement\":[{\"@type\":\"ListItem\",\"position\":1,\"name\":\"Home\",\"item\":\"http:\\\/\\\/www.ldlanguages.com\\\/en\\\/\"},{\"@type\":\"ListItem\",\"position\":2,\"name\":\"Contact\"}]},{\"@type\":\"WebSite\",\"@id\":\"http:\\\/\\\/www.ldlanguages.com\\\/#website\",\"url\":\"http:\\\/\\\/www.ldlanguages.com\\\/\",\"name\":\"LD&#039; Languages - Traducciones del espa\u00f1ol al ingl\u00e9s\",\"description\":\"Traducciones del espa\u00f1ol al ingl\u00e9s\",\"potentialAction\":[{\"@type\":\"SearchAction\",\"target\":{\"@type\":\"EntryPoint\",\"urlTemplate\":\"http:\\\/\\\/www.ldlanguages.com\\\/?s={search_term_string}\"},\"query-input\":{\"@type\":\"PropertyValueSpecification\",\"valueRequired\":true,\"valueName\":\"search_term_string\"}}],\"inLanguage\":\"en-US\"}]}<\/script>\n<!-- \/ Yoast SEO plugin. -->","yoast_head_json":{"title":"Contact - LD&#039; Languages - Traducciones del espa\u00f1ol al ingl\u00e9s","robots":{"index":"index","follow":"follow","max-snippet":"max-snippet:-1","max-image-preview":"max-image-preview:large","max-video-preview":"max-video-preview:-1"},"canonical":"http:\/\/www.ldlanguages.com\/en\/contact\/","og_locale":"en_US","og_type":"article","og_title":"Contact - LD&#039; Languages - Traducciones del espa\u00f1ol al ingl\u00e9s","og_description":"[vc_row][vc_column][vc_empty_space][\/vc_column][\/vc_row][vc_row][vc_column width=&#8221;1\/2&#8243;][vc_single_image image=&#8221;1600&#8243; img_size=&#8221;full&#8221;][\/vc_column][vc_column width=&#8221;1\/2&#8243;][vc_empty_space][vc_column_text]If you prefer you can call me or send me an email. Telf: 660807040 E-mail: liza.darcy.hernandez@gmail.com Do you want to know more about me&#8230;[\/vc_column_text][\/vc_column][\/vc_row]","og_url":"http:\/\/www.ldlanguages.com\/en\/contact\/","og_site_name":"LD&#039; Languages - Traducciones del espa\u00f1ol al ingl\u00e9s","article_modified_time":"2018-01-04T07:04:08+00:00","twitter_card":"summary_large_image","schema":{"@context":"https:\/\/schema.org","@graph":[{"@type":"WebPage","@id":"http:\/\/www.ldlanguages.com\/en\/contact\/","url":"http:\/\/www.ldlanguages.com\/en\/contact\/","name":"Contact - LD&#039; Languages - Traducciones del espa\u00f1ol al ingl\u00e9s","isPartOf":{"@id":"http:\/\/www.ldlanguages.com\/#website"},"datePublished":"2017-12-08T18:18:17+00:00","dateModified":"2018-01-04T07:04:08+00:00","breadcrumb":{"@id":"http:\/\/www.ldlanguages.com\/en\/contact\/#breadcrumb"},"inLanguage":"en-US","potentialAction":[{"@type":"ReadAction","target":["http:\/\/www.ldlanguages.com\/en\/contact\/"]}]},{"@type":"BreadcrumbList","@id":"http:\/\/www.ldlanguages.com\/en\/contact\/#breadcrumb","itemListElement":[{"@type":"ListItem","position":1,"name":"Home","item":"http:\/\/www.ldlanguages.com\/en\/"},{"@type":"ListItem","position":2,"name":"Contact"}]},{"@type":"WebSite","@id":"http:\/\/www.ldlanguages.com\/#website","url":"http:\/\/www.ldlanguages.com\/","name":"LD&#039; Languages - Traducciones del espa\u00f1ol al ingl\u00e9s","description":"Traducciones del espa\u00f1ol al ingl\u00e9s","potentialAction":[{"@type":"SearchAction","target":{"@type":"EntryPoint","urlTemplate":"http:\/\/www.ldlanguages.com\/?s={search_term_string}"},"query-input":{"@type":"PropertyValueSpecification","valueRequired":true,"valueName":"search_term_string"}}],"inLanguage":"en-US"}]}},"_links":{"self":[{"href":"http:\/\/www.ldlanguages.com\/en\/wp-json\/wp\/v2\/pages\/1616","targetHints":{"allow":["GET"]}}],"collection":[{"href":"http:\/\/www.ldlanguages.com\/en\/wp-json\/wp\/v2\/pages"}],"about":[{"href":"http:\/\/www.ldlanguages.com\/en\/wp-json\/wp\/v2\/types\/page"}],"author":[{"embeddable":true,"href":"http:\/\/www.ldlanguages.com\/en\/wp-json\/wp\/v2\/users\/1"}],"replies":[{"embeddable":true,"href":"http:\/\/www.ldlanguages.com\/en\/wp-json\/wp\/v2\/comments?post=1616"}],"version-history":[{"count":5,"href":"http:\/\/www.ldlanguages.com\/en\/wp-json\/wp\/v2\/pages\/1616\/revisions"}],"predecessor-version":[{"id":1733,"href":"http:\/\/www.ldlanguages.com\/en\/wp-json\/wp\/v2\/pages\/1616\/revisions\/1733"}],"wp:attachment":[{"href":"http:\/\/www.ldlanguages.com\/en\/wp-json\/wp\/v2\/media?parent=1616"}],"curies":[{"name":"wp","href":"https:\/\/api.w.org\/{rel}","templated":true}]}}